{"id":31,"date":"2020-04-13T11:18:52","date_gmt":"2020-04-13T11:18:52","guid":{"rendered":"https:\/\/completei.es\/index.php\/about\/"},"modified":"2023-06-06T17:22:10","modified_gmt":"2023-06-06T17:22:10","slug":"nosotros","status":"publish","type":"page","link":"https:\/\/espanol.completei.org\/index.php\/nosotros\/","title":{"rendered":"Nosotros"},"content":{"rendered":"\t\t<div data-elementor-type=\"wp-page\" data-elementor-id=\"31\" class=\"elementor elementor-31\">\n\t\t\t\t\t\t<section class=\"elementor-section elementor-top-section elementor-element elementor-element-5131a13e elementor-section-boxed elementor-section-height-default elementor-section-height-default\" data-id=\"5131a13e\" data-element_type=\"section\" data-settings=\"{&quot;background_background&quot;:&quot;classic&quot;}\">\n\t\t\t\t\t\t\t<div class=\"elementor-background-overlay\"><\/div>\n\t\t\t\t\t\t\t<div class=\"elementor-container elementor-column-gap-default\">\n\t\t\t\t\t<div class=\"elementor-column elementor-col-100 elementor-top-column elementor-element elementor-element-1053ca7a\" data-id=\"1053ca7a\" data-element_type=\"column\">\n\t\t\t<div class=\"elementor-widget-wrap elementor-element-populated\">\n\t\t\t\t\t\t<div class=\"elementor-element elementor-element-3d99e122 elementor-widget elementor-widget-heading\" data-id=\"3d99e122\" data-element_type=\"widget\" data-widget_type=\"heading.default\">\n\t\t\t\t<div class=\"elementor-widget-container\">\n\t\t\t\t\t<h1 class=\"elementor-heading-title elementor-size-default\">\u201cCompletemos una persona a la vez\u201d<\/h1>\t\t\t\t<\/div>\n\t\t\t\t<\/div>\n\t\t\t\t\t<\/div>\n\t\t<\/div>\n\t\t\t\t\t<\/div>\n\t\t<\/section>\n\t\t\t\t<section class=\"elementor-section elementor-top-section elementor-element elementor-element-40177ae0 elementor-section-boxed elementor-section-height-default elementor-section-height-default\" data-id=\"40177ae0\" data-element_type=\"section\">\n\t\t\t\t\t\t<div class=\"elementor-container elementor-column-gap-no\">\n\t\t\t\t\t<div class=\"elementor-column elementor-col-50 elementor-top-column elementor-element elementor-element-2828f573\" data-id=\"2828f573\" data-element_type=\"column\">\n\t\t\t<div class=\"elementor-widget-wrap elementor-element-populated\">\n\t\t\t\t\t\t<div class=\"elementor-element elementor-element-3e9cba1 elementor-widget elementor-widget-image\" data-id=\"3e9cba1\" data-element_type=\"widget\" data-widget_type=\"image.default\">\n\t\t\t\t<div class=\"elementor-widget-container\">\n\t\t\t\t\t\t\t\t\t\t\t\t\t\t\t<img fetchpriority=\"high\" decoding=\"async\" width=\"300\" height=\"300\" src=\"https:\/\/espanol.completei.org\/wp-content\/uploads\/2022\/11\/MISION_700px.webp\" class=\"attachment-large size-large wp-image-434\" alt=\"\" srcset=\"https:\/\/espanol.completei.org\/wp-content\/uploads\/2022\/11\/MISION_700px.webp 300w, https:\/\/espanol.completei.org\/wp-content\/uploads\/2022\/11\/MISION_700px-200x200.webp 200w, https:\/\/espanol.completei.org\/wp-content\/uploads\/2022\/11\/MISION_700px-100x100.webp 100w, https:\/\/espanol.completei.org\/wp-content\/uploads\/2022\/11\/MISION_700px-150x150.webp 150w\" sizes=\"(max-width: 300px) 100vw, 300px\" \/>\t\t\t\t\t\t\t\t\t\t\t\t\t\t\t<\/div>\n\t\t\t\t<\/div>\n\t\t\t\t\t<\/div>\n\t\t<\/div>\n\t\t\t\t<div class=\"elementor-column elementor-col-50 elementor-top-column elementor-element elementor-element-48096891\" data-id=\"48096891\" data-element_type=\"column\">\n\t\t\t<div class=\"elementor-widget-wrap elementor-element-populated\">\n\t\t\t\t\t\t<div class=\"elementor-element elementor-element-44ce5982 elementor-widget elementor-widget-text-editor\" data-id=\"44ce5982\" data-element_type=\"widget\" data-widget_type=\"text-editor.default\">\n\t\t\t\t<div class=\"elementor-widget-container\">\n\t\t\t\t\t\t\t\t\t<h1 style=\"text-align: center;\"><span style=\"color: #000080;\"><b>\u00bfPor qu\u00e9 Existimos?<\/b><\/span><\/h1>\t\t\t\t\t\t\t\t<\/div>\n\t\t\t\t<\/div>\n\t\t\t\t<div class=\"elementor-element elementor-element-e56ab06 elementor-widget elementor-widget-text-editor\" data-id=\"e56ab06\" data-element_type=\"widget\" data-widget_type=\"text-editor.default\">\n\t\t\t\t<div class=\"elementor-widget-container\">\n\t\t\t\t\t\t\t\t\t<h5><span style=\"font-weight: 400;\">Complete International existe para Proveer herramientas de Liderazgo, crecimiento personal e inspiraci\u00f3n con valores que impulsen a generar una transformaci\u00f3n global en las \u00e1reas claves de influencia, como lo son: <\/span><span style=\"color: #000080;\"><b>N<\/b><\/span><span style=\"font-weight: 400;\">egocios, <\/span><span style=\"color: #000080;\"><b>R<\/b><\/span><span style=\"font-weight: 400;\">eligi\u00f3n, <\/span><span style=\"color: #000080;\"><b>M<\/b><\/span><span style=\"font-weight: 400;\">edios de Comunicaci\u00f3n (Media), Arte \u2013 <\/span><span style=\"color: #000080;\"><b>E<\/b><\/span><span style=\"font-weight: 400;\">ntretenimiento, <\/span><span style=\"color: #000080;\"><b>S<\/b><\/span><span style=\"font-weight: 400;\">ector Social,<\/span><span style=\"color: #000080;\"><b> F<\/b><\/span><span style=\"font-weight: 400;\">amilia,<\/span><span style=\"color: #000080;\"><b> G<\/b><\/span><span style=\"font-weight: 400;\">obierno, <\/span><span style=\"color: #000080;\"><b>E<\/b><\/span><span style=\"font-weight: 400;\">ducaci\u00f3n.<\/span><\/h5>\t\t\t\t\t\t\t\t<\/div>\n\t\t\t\t<\/div>\n\t\t\t\t\t<\/div>\n\t\t<\/div>\n\t\t\t\t\t<\/div>\n\t\t<\/section>\n\t\t\t\t<section class=\"elementor-section elementor-top-section elementor-element elementor-element-51b21a2 elementor-section-boxed elementor-section-height-default elementor-section-height-default\" data-id=\"51b21a2\" data-element_type=\"section\">\n\t\t\t\t\t\t<div class=\"elementor-container elementor-column-gap-narrow\">\n\t\t\t\t\t<div class=\"elementor-column elementor-col-50 elementor-top-column elementor-element elementor-element-2860198\" data-id=\"2860198\" data-element_type=\"column\">\n\t\t\t<div class=\"elementor-widget-wrap elementor-element-populated\">\n\t\t\t\t\t\t<div class=\"elementor-element elementor-element-b099c20 elementor-widget elementor-widget-text-editor\" data-id=\"b099c20\" data-element_type=\"widget\" data-widget_type=\"text-editor.default\">\n\t\t\t\t<div class=\"elementor-widget-container\">\n\t\t\t\t\t\t\t\t\t<h1 style=\"text-align: center;\"><span style=\"color: #000080;\"><b>\u00bfC\u00f3mo comenz\u00f3 todo?<\/b><\/span><\/h1>\t\t\t\t\t\t\t\t<\/div>\n\t\t\t\t<\/div>\n\t\t\t\t<div class=\"elementor-element elementor-element-629079f elementor-widget elementor-widget-text-editor\" data-id=\"629079f\" data-element_type=\"widget\" data-widget_type=\"text-editor.default\">\n\t\t\t\t<div class=\"elementor-widget-container\">\n\t\t\t\t\t\t\t\t\t<h5><span style=\"font-weight: 400;\">Carlos Andr\u00e9s so\u00f1\u00f3 con plantar una organizaci\u00f3n con un objetivo simple: ayudar a las personas a ser completas para que puedan alcanzar su m\u00e1ximo potencial. El 29 de febrero de 2020 se constituye oficialmente Complete International de la mano de Carlos Andr\u00e9s y Laura Moreno. Carlos Andr\u00e9s y Laura iniciaron el viaje con sus hijos Benjam\u00edn y Santiago. El sue\u00f1o y la visi\u00f3n de que cada persona pudiera estar completa y maximizar su potencial fue la raz\u00f3n que los impuls\u00f3 a establecer Complete International<\/span><i><span style=\"font-weight: 400;\">.\u00a0<br \/><\/span><\/i><\/h5><\/div><\/div><\/div><\/div><\/div><\/section><\/div> &hellip;<p class=\"ast-the-content-more-link\"> <a class=\"\" href=\"https:\/\/espanol.completei.org\/index.php\/nosotros\/\"> <span class=\"screen-reader-text\">Nosotros<\/span>Leer m\u00e1s &raquo;<\/a><\/p>","protected":false},"excerpt":{"rendered":"<p>\u201cCompletemos una persona a la vez\u201d \u00bfPor qu\u00e9 Existimos? Complete International existe para Proveer herramientas de Liderazgo, crecimiento personal e inspiraci\u00f3n con valores que impulsen a generar una transformaci\u00f3n global en las \u00e1reas claves de influencia, como lo son: Negocios, Religi\u00f3n, Medios de Comunicaci\u00f3n (Media), Arte \u2013 Entretenimiento, Sector Social, Familia, Gobierno, Educaci\u00f3n. \u00bfC\u00f3mo comenz\u00f3 [&hellip;]<\/p>\n","protected":false},"author":1,"featured_media":0,"parent":0,"menu_order":0,"comment_status":"closed","ping_status":"closed","template":"","meta":{"_monsterinsights_skip_tracking":false,"_monsterinsights_sitenote_active":false,"_monsterinsights_sitenote_note":"","_monsterinsights_sitenote_category":0,"site-sidebar-layout":"no-sidebar","site-content-layout":"page-builder","ast-site-content-layout":"","site-content-style":"default","site-sidebar-style":"default","ast-global-header-display":"","ast-banner-title-visibility":"","ast-main-header-display":"","ast-hfb-above-header-display":"","ast-hfb-below-header-display":"","ast-hfb-mobile-header-display":"","site-post-title":"disabled","ast-breadcrumbs-content":"","ast-featured-img":"","footer-sml-layout":"","theme-transparent-header-meta":"enabled","adv-header-id-meta":"","stick-header-meta":"","header-above-stick-meta":"","header-main-stick-meta":"","header-below-stick-meta":"","astra-migrate-meta-layouts":"default","ast-page-background-enabled":"default","ast-page-background-meta":{"desktop":{"background-color":"","background-image":"","background-repeat":"repeat","background-position":"center center","background-size":"auto","background-attachment":"scroll","background-type":"","background-media":"","overlay-type":"","overlay-color":"","overlay-opacity":"","overlay-gradient":""},"tablet":{"background-color":"","background-image":"","background-repeat":"repeat","background-position":"center center","background-size":"auto","background-attachment":"scroll","background-type":"","background-media":"","overlay-type":"","overlay-color":"","overlay-opacity":"","overlay-gradient":""},"mobile":{"background-color":"","background-image":"","background-repeat":"repeat","background-position":"center center","background-size":"auto","background-attachment":"scroll","background-type":"","background-media":"","overlay-type":"","overlay-color":"","overlay-opacity":"","overlay-gradient":""}},"ast-content-background-meta":{"desktop":{"background-color":"var(--ast-global-color-5)","background-image":"","background-repeat":"repeat","background-position":"center center","background-size":"auto","background-attachment":"scroll","background-type":"","background-media":"","overlay-type":"","overlay-color":"","overlay-opacity":"","overlay-gradient":""},"tablet":{"background-color":"var(--ast-global-color-5)","background-image":"","background-repeat":"repeat","background-position":"center center","background-size":"auto","background-attachment":"scroll","background-type":"","background-media":"","overlay-type":"","overlay-color":"","overlay-opacity":"","overlay-gradient":""},"mobile":{"background-color":"var(--ast-global-color-5)","background-image":"","background-repeat":"repeat","background-position":"center center","background-size":"auto","background-attachment":"scroll","background-type":"","background-media":"","overlay-type":"","overlay-color":"","overlay-opacity":"","overlay-gradient":""}},"footnotes":""},"class_list":["post-31","page","type-page","status-publish","hentry"],"_hostinger_reach_plugin_has_subscription_block":false,"_hostinger_reach_plugin_is_elementor":false,"_links":{"self":[{"href":"https:\/\/espanol.completei.org\/index.php\/wp-json\/wp\/v2\/pages\/31","targetHints":{"allow":["GET"]}}],"collection":[{"href":"https:\/\/espanol.completei.org\/index.php\/wp-json\/wp\/v2\/pages"}],"about":[{"href":"https:\/\/espanol.completei.org\/index.php\/wp-json\/wp\/v2\/types\/page"}],"author":[{"embeddable":true,"href":"https:\/\/espanol.completei.org\/index.php\/wp-json\/wp\/v2\/users\/1"}],"replies":[{"embeddable":true,"href":"https:\/\/espanol.completei.org\/index.php\/wp-json\/wp\/v2\/comments?post=31"}],"version-history":[{"count":60,"href":"https:\/\/espanol.completei.org\/index.php\/wp-json\/wp\/v2\/pages\/31\/revisions"}],"predecessor-version":[{"id":1642,"href":"https:\/\/espanol.completei.org\/index.php\/wp-json\/wp\/v2\/pages\/31\/revisions\/1642"}],"wp:attachment":[{"href":"https:\/\/espanol.completei.org\/index.php\/wp-json\/wp\/v2\/media?parent=31"}],"curies":[{"name":"wp","href":"https:\/\/api.w.org\/{rel}","templated":true}]}}